{"id":7449,"date":"2024-04-22T16:27:37","date_gmt":"2024-04-22T14:27:37","guid":{"rendered":"https:\/\/15.237.195.50\/participant-invite-limite-aux-partenaires-des-delegues-a-part-entiere\/"},"modified":"2024-09-26T09:11:53","modified_gmt":"2024-09-26T07:11:53","slug":"participant-invite-limite-aux-partenaires-des-delegues-a-part-entiere","status":"publish","type":"product","link":"https:\/\/wsbi-congress.org\/fr\/participant-invite-limite-aux-partenaires-des-delegues-a-part-entiere\/","title":{"rendered":"Limit\u00e9 aux partenaires des d\u00e9l\u00e9gu\u00e9s \u00e0 part enti\u00e8re"},"content":{"rendered":"<p>&nbsp;<\/p>\n<p>&nbsp;<\/p>\n","protected":false},"excerpt":{"rendered":"<p>&nbsp; &nbsp;<\/p>\n","protected":false},"featured_media":8701,"template":"","meta":{"_monsterinsights_skip_tracking":false,"_monsterinsights_sitenote_active":false,"_monsterinsights_sitenote_note":"","_monsterinsights_sitenote_category":0},"product_brand":[],"product_cat":[72],"product_tag":[],"class_list":{"0":"post-7449","1":"product","2":"type-product","3":"status-publish","4":"has-post-thumbnail","6":"product_cat-invites","8":"first","9":"instock","10":"virtual","11":"purchasable","12":"product-type-simple"},"_links":{"self":[{"href":"https:\/\/wsbi-congress.org\/fr\/wp-json\/wp\/v2\/product\/7449","targetHints":{"allow":["GET"]}}],"collection":[{"href":"https:\/\/wsbi-congress.org\/fr\/wp-json\/wp\/v2\/product"}],"about":[{"href":"https:\/\/wsbi-congress.org\/fr\/wp-json\/wp\/v2\/types\/product"}],"wp:featuredmedia":[{"embeddable":true,"href":"https:\/\/wsbi-congress.org\/fr\/wp-json\/wp\/v2\/media\/8701"}],"wp:attachment":[{"href":"https:\/\/wsbi-congress.org\/fr\/wp-json\/wp\/v2\/media?parent=7449"}],"wp:term":[{"taxonomy":"product_brand","embeddable":true,"href":"https:\/\/wsbi-congress.org\/fr\/wp-json\/wp\/v2\/product_brand?post=7449"},{"taxonomy":"product_cat","embeddable":true,"href":"https:\/\/wsbi-congress.org\/fr\/wp-json\/wp\/v2\/product_cat?post=7449"},{"taxonomy":"product_tag","embeddable":true,"href":"https:\/\/wsbi-congress.org\/fr\/wp-json\/wp\/v2\/product_tag?post=7449"}],"curies":[{"name":"wp","href":"https:\/\/api.w.org\/{rel}","templated":true}]}}