{"id":7469,"date":"2024-04-22T16:00:25","date_gmt":"2024-04-22T14:00:25","guid":{"rendered":"https:\/\/15.237.195.50\/delegue-a-part-entiere\/"},"modified":"2024-09-26T09:12:30","modified_gmt":"2024-09-26T07:12:30","slug":"delegue-a-part-entiere","status":"publish","type":"product","link":"https:\/\/wsbi-congress.org\/fr\/delegue-a-part-entiere\/","title":{"rendered":"D\u00e9l\u00e9gu\u00e9 \u00e0 part enti\u00e8re"},"content":{"rendered":"<p>&nbsp;<\/p>\n<p>&nbsp;<\/p>\n<p>&nbsp;<\/p>\n<p>&nbsp;<\/p>\n<p>&nbsp;<\/p>\n<p>&nbsp;<\/p>\n<p>&nbsp;<\/p>\n<p>&nbsp;<\/p>\n","protected":false},"excerpt":{"rendered":"<p>&nbsp; &nbsp; &nbsp; &nbsp; &nbsp; &nbsp; &nbsp; &nbsp;<\/p>\n","protected":false},"featured_media":8693,"template":"","meta":{"_monsterinsights_skip_tracking":false,"_monsterinsights_sitenote_active":false,"_monsterinsights_sitenote_note":"","_monsterinsights_sitenote_category":0},"product_brand":[],"product_cat":[60,88],"product_tag":[],"class_list":{"0":"post-7469","1":"product","2":"type-product","3":"status-publish","4":"has-post-thumbnail","6":"product_cat-membre-de-la-wsbi","7":"product_cat-popup-member-fr","9":"first","10":"instock","11":"virtual","12":"purchasable","13":"product-type-simple"},"_links":{"self":[{"href":"https:\/\/wsbi-congress.org\/fr\/wp-json\/wp\/v2\/product\/7469","targetHints":{"allow":["GET"]}}],"collection":[{"href":"https:\/\/wsbi-congress.org\/fr\/wp-json\/wp\/v2\/product"}],"about":[{"href":"https:\/\/wsbi-congress.org\/fr\/wp-json\/wp\/v2\/types\/product"}],"wp:featuredmedia":[{"embeddable":true,"href":"https:\/\/wsbi-congress.org\/fr\/wp-json\/wp\/v2\/media\/8693"}],"wp:attachment":[{"href":"https:\/\/wsbi-congress.org\/fr\/wp-json\/wp\/v2\/media?parent=7469"}],"wp:term":[{"taxonomy":"product_brand","embeddable":true,"href":"https:\/\/wsbi-congress.org\/fr\/wp-json\/wp\/v2\/product_brand?post=7469"},{"taxonomy":"product_cat","embeddable":true,"href":"https:\/\/wsbi-congress.org\/fr\/wp-json\/wp\/v2\/product_cat?post=7469"},{"taxonomy":"product_tag","embeddable":true,"href":"https:\/\/wsbi-congress.org\/fr\/wp-json\/wp\/v2\/product_tag?post=7469"}],"curies":[{"name":"wp","href":"https:\/\/api.w.org\/{rel}","templated":true}]}}